{"id":361,"date":"2024-04-16T20:46:34","date_gmt":"2024-04-16T23:46:34","guid":{"rendered":"https:\/\/genco-ie.com\/?page_id=361"},"modified":"2025-07-08T11:09:46","modified_gmt":"2025-07-08T14:09:46","slug":"canton-fair","status":"publish","type":"page","link":"https:\/\/genco-ie.com\/en\/projetos\/canton-fair\/","title":{"rendered":"Canton Fair"},"content":{"rendered":"<div data-elementor-type=\"wp-page\" data-elementor-id=\"361\" class=\"elementor elementor-361\" data-elementor-post-type=\"page\">\n\t\t\t\t<div class=\"elementor-element elementor-element-be83006 e-con-full e-flex e-con e-parent\" data-id=\"be83006\" data-element_type=\"container\" data-e-type=\"container\" data-settings=\"{&quot;background_background&quot;:&quot;classic&quot;,&quot;background_motion_fx_motion_fx_mouse&quot;:&quot;yes&quot;,&quot;shape_divider_bottom&quot;:&quot;curve&quot;,&quot;shape_divider_bottom_negative&quot;:&quot;yes&quot;}\">\n\t\t\t\t<div class=\"elementor-shape elementor-shape-bottom\" aria-hidden=\"true\" data-negative=\"true\">\n\t\t\t<svg xmlns=\"http:\/\/www.w3.org\/2000\/svg\" viewbox=\"0 0 1000 100\" preserveaspectratio=\"none\">\n\t<path class=\"elementor-shape-fill\" d=\"M500,97C126.7,96.3,0.8,19.8,0,0v100l1000,0V1C1000,19.4,873.3,97.8,500,97z\"\/>\n<\/svg>\t\t<\/div>\n\t\t\t\t<div class=\"elementor-element elementor-element-4a75ee6 elementor-widget elementor-widget-heading\" data-id=\"4a75ee6\" data-element_type=\"widget\" data-e-type=\"widget\" data-widget_type=\"heading.default\">\n\t\t\t\t<div class=\"elementor-widget-container\">\n\t\t\t\t\t<h2 class=\"elementor-heading-title elementor-size-default\">Canton Fair<\/h2>\t\t\t\t<\/div>\n\t\t\t\t<\/div>\n\t\t\t\t<\/div>\n\t\t<div class=\"elementor-element elementor-element-1679c83 e-con-full e-flex e-con e-parent\" data-id=\"1679c83\" data-element_type=\"container\" data-e-type=\"container\">\n\t\t\t\t<div class=\"elementor-element elementor-element-21f6961 elementor-widget elementor-widget-heading\" data-id=\"21f6961\" data-element_type=\"widget\" data-e-type=\"widget\" data-widget_type=\"heading.default\">\n\t\t\t\t<div class=\"elementor-widget-container\">\n\t\t\t\t\t<h2 class=\"elementor-heading-title elementor-size-default\">Sobre a Canton Fair<\/h2>\t\t\t\t<\/div>\n\t\t\t\t<\/div>\n\t\t\t\t<div class=\"elementor-element elementor-element-b4d4350 elementor-widget elementor-widget-text-editor\" data-id=\"b4d4350\" data-element_type=\"widget\" data-e-type=\"widget\" data-widget_type=\"text-editor.default\">\n\t\t\t\t<div class=\"elementor-widget-container\">\n\t\t\t\t\t\t\t\t\t<p>A Canton Fair \u00e9 a maior feira multisetorial de toda a \u00c1sia. Ocorre duas vezes por ano, na primavera e outono como gostam de dizer os chineses (Abril e Outubro).<\/p><p>O que muitas pessoas n\u00e3o sabem \u00e9 que a feira \u00e9 dividida em 3 fases e por segmentos. \u00c9 importante saber em qual segmento a empresa est\u00e1 interessada antes de fechar os detalhes de sua viagem.<\/p>\t\t\t\t\t\t\t\t<\/div>\n\t\t\t\t<\/div>\n\t\t\t\t<div class=\"elementor-element elementor-element-147e2d2 elementor-widget elementor-widget-toggle\" data-id=\"147e2d2\" data-element_type=\"widget\" data-e-type=\"widget\" data-widget_type=\"toggle.default\">\n\t\t\t\t<div class=\"elementor-widget-container\">\n\t\t\t\t\t\t\t<div class=\"elementor-toggle\">\n\t\t\t\t\t\t\t<div class=\"elementor-toggle-item\">\n\t\t\t\t\t<div id=\"elementor-tab-title-2141\" class=\"elementor-tab-title\" data-tab=\"1\" role=\"button\" aria-controls=\"elementor-tab-content-2141\" aria-expanded=\"false\">\n\t\t\t\t\t\t\t\t\t\t\t\t<span class=\"elementor-toggle-icon elementor-toggle-icon-left\" aria-hidden=\"true\">\n\t\t\t\t\t\t\t\t\t\t\t\t\t\t\t<span class=\"elementor-toggle-icon-closed\"><svg class=\"e-font-icon-svg e-fas-caret-right\" viewbox=\"0 0 192 512\" xmlns=\"http:\/\/www.w3.org\/2000\/svg\"><path d=\"M0 384.662V127.338c0-17.818 21.543-26.741 34.142-14.142l128.662 128.662c7.81 7.81 7.81 20.474 0 28.284L34.142 398.804C21.543 411.404 0 402.48 0 384.662z\"><\/path><\/svg><\/span>\n\t\t\t\t\t\t\t\t<span class=\"elementor-toggle-icon-opened\"><svg class=\"elementor-toggle-icon-opened e-font-icon-svg e-fas-caret-up\" viewbox=\"0 0 320 512\" xmlns=\"http:\/\/www.w3.org\/2000\/svg\"><path d=\"M288.662 352H31.338c-17.818 0-26.741-21.543-14.142-34.142l128.662-128.662c7.81-7.81 20.474-7.81 28.284 0l128.662 128.662c12.6 12.599 3.676 34.142-14.142 34.142z\"><\/path><\/svg><\/span>\n\t\t\t\t\t\t\t\t\t\t\t\t\t<\/span>\n\t\t\t\t\t\t\t\t\t\t\t\t<a class=\"elementor-toggle-title\" tabindex=\"0\">A maior feira da China<\/a>\n\t\t\t\t\t<\/div>\n\n\t\t\t\t\t<div id=\"elementor-tab-content-2141\" class=\"elementor-tab-content elementor-clearfix\" data-tab=\"1\" role=\"region\" aria-labelledby=\"elementor-tab-title-2141\"><p>A primeira edi\u00e7\u00e3o da Canton Fair ocorreu em 1957. A pr\u00f3xima edi\u00e7\u00e3o, programada para abril e maio de 2015, ter\u00e1 uma \u00e1rea \u00fatil de um milh\u00e3o de metros quadrados, mais de 60 mil estandes e apresentar\u00e1 mais de 150 produtos de diversas \u00e1reas. O volume de neg\u00f3cios no Pavilh\u00e3o Nacional atinge a marca de 36 milh\u00f5es de d\u00f3lares.<\/p><p>Empres\u00e1rios de diversos setores ao redor do mundo participam anualmente da feira, buscando impulsionar seus neg\u00f3cios, ficar atualizados com as \u00faltimas novidades e estabelecer parcerias lucrativas.<\/p><\/div>\n\t\t\t\t<\/div>\n\t\t\t\t\t\t\t<div class=\"elementor-toggle-item\">\n\t\t\t\t\t<div id=\"elementor-tab-title-2142\" class=\"elementor-tab-title\" data-tab=\"2\" role=\"button\" aria-controls=\"elementor-tab-content-2142\" aria-expanded=\"false\">\n\t\t\t\t\t\t\t\t\t\t\t\t<span class=\"elementor-toggle-icon elementor-toggle-icon-left\" aria-hidden=\"true\">\n\t\t\t\t\t\t\t\t\t\t\t\t\t\t\t<span class=\"elementor-toggle-icon-closed\"><svg class=\"e-font-icon-svg e-fas-caret-right\" viewbox=\"0 0 192 512\" xmlns=\"http:\/\/www.w3.org\/2000\/svg\"><path d=\"M0 384.662V127.338c0-17.818 21.543-26.741 34.142-14.142l128.662 128.662c7.81 7.81 7.81 20.474 0 28.284L34.142 398.804C21.543 411.404 0 402.48 0 384.662z\"><\/path><\/svg><\/span>\n\t\t\t\t\t\t\t\t<span class=\"elementor-toggle-icon-opened\"><svg class=\"elementor-toggle-icon-opened e-font-icon-svg e-fas-caret-up\" viewbox=\"0 0 320 512\" xmlns=\"http:\/\/www.w3.org\/2000\/svg\"><path d=\"M288.662 352H31.338c-17.818 0-26.741-21.543-14.142-34.142l128.662-128.662c7.81-7.81 20.474-7.81 28.284 0l128.662 128.662c12.6 12.599 3.676 34.142-14.142 34.142z\"><\/path><\/svg><\/span>\n\t\t\t\t\t\t\t\t\t\t\t\t\t<\/span>\n\t\t\t\t\t\t\t\t\t\t\t\t<a class=\"elementor-toggle-title\" tabindex=\"0\">Pavilh\u00e3o internacional e estrutura geral<\/a>\n\t\t\t\t\t<\/div>\n\n\t\t\t\t\t<div id=\"elementor-tab-content-2142\" class=\"elementor-tab-content elementor-clearfix\" data-tab=\"2\" role=\"region\" aria-labelledby=\"elementor-tab-title-2142\"><p>O Pavilh\u00e3o Internacional proporciona diversos servi\u00e7os aos expositores de todo o mundo, oferecendo tranquilidade aos participantes que est\u00e3o na Feira pela primeira vez e n\u00e3o est\u00e3o familiarizados com a China.<\/p><p>Os servi\u00e7os incluem c\u00e2mbio, interpreta\u00e7\u00e3o, armazenagem e outros.<\/p><p>A\u00a0Feira \u00e9 altamente organizada, com volunt\u00e1rios fluentes em ingl\u00eas dispon\u00edveis em todo o complexo para ajudar os visitantes. Ao entrar, \u00e9 recomendado pegar o mapa dispon\u00edvel, crucial para se orientar e otimizar o tempo, dada a extensa variedade de atra\u00e7\u00f5es.<\/p><\/div>\n\t\t\t\t<\/div>\n\t\t\t\t\t\t\t<div class=\"elementor-toggle-item\">\n\t\t\t\t\t<div id=\"elementor-tab-title-2143\" class=\"elementor-tab-title\" data-tab=\"3\" role=\"button\" aria-controls=\"elementor-tab-content-2143\" aria-expanded=\"false\">\n\t\t\t\t\t\t\t\t\t\t\t\t<span class=\"elementor-toggle-icon elementor-toggle-icon-left\" aria-hidden=\"true\">\n\t\t\t\t\t\t\t\t\t\t\t\t\t\t\t<span class=\"elementor-toggle-icon-closed\"><svg class=\"e-font-icon-svg e-fas-caret-right\" viewbox=\"0 0 192 512\" xmlns=\"http:\/\/www.w3.org\/2000\/svg\"><path d=\"M0 384.662V127.338c0-17.818 21.543-26.741 34.142-14.142l128.662 128.662c7.81 7.81 7.81 20.474 0 28.284L34.142 398.804C21.543 411.404 0 402.48 0 384.662z\"><\/path><\/svg><\/span>\n\t\t\t\t\t\t\t\t<span class=\"elementor-toggle-icon-opened\"><svg class=\"elementor-toggle-icon-opened e-font-icon-svg e-fas-caret-up\" viewbox=\"0 0 320 512\" xmlns=\"http:\/\/www.w3.org\/2000\/svg\"><path d=\"M288.662 352H31.338c-17.818 0-26.741-21.543-14.142-34.142l128.662-128.662c7.81-7.81 20.474-7.81 28.284 0l128.662 128.662c12.6 12.599 3.676 34.142-14.142 34.142z\"><\/path><\/svg><\/span>\n\t\t\t\t\t\t\t\t\t\t\t\t\t<\/span>\n\t\t\t\t\t\t\t\t\t\t\t\t<a class=\"elementor-toggle-title\" tabindex=\"0\">Solicitando seu visto para a China<\/a>\n\t\t\t\t\t<\/div>\n\n\t\t\t\t\t<div id=\"elementor-tab-content-2143\" class=\"elementor-tab-content elementor-clearfix\" data-tab=\"3\" role=\"region\" aria-labelledby=\"elementor-tab-title-2143\"><p>Acesse o site oficial do evento e garanta seu visto para a China.<\/p><p>http:\/\/www.cantonfair.org.cn\/Portuguese\/index.shtml<\/p><p>Quando j\u00e1 tiver o convite em m\u00e3os, \u00e9 s\u00f3 procurar o Consulado da China para solicitar o visto (n\u00e3o esque\u00e7a de consultar o site do Consulado os demais documentos necess\u00e1rios a serem levados no dia).<\/p><\/div>\n\t\t\t\t<\/div>\n\t\t\t\t\t\t\t<div class=\"elementor-toggle-item\">\n\t\t\t\t\t<div id=\"elementor-tab-title-2144\" class=\"elementor-tab-title\" data-tab=\"4\" role=\"button\" aria-controls=\"elementor-tab-content-2144\" aria-expanded=\"false\">\n\t\t\t\t\t\t\t\t\t\t\t\t<span class=\"elementor-toggle-icon elementor-toggle-icon-left\" aria-hidden=\"true\">\n\t\t\t\t\t\t\t\t\t\t\t\t\t\t\t<span class=\"elementor-toggle-icon-closed\"><svg class=\"e-font-icon-svg e-fas-caret-right\" viewbox=\"0 0 192 512\" xmlns=\"http:\/\/www.w3.org\/2000\/svg\"><path d=\"M0 384.662V127.338c0-17.818 21.543-26.741 34.142-14.142l128.662 128.662c7.81 7.81 7.81 20.474 0 28.284L34.142 398.804C21.543 411.404 0 402.48 0 384.662z\"><\/path><\/svg><\/span>\n\t\t\t\t\t\t\t\t<span class=\"elementor-toggle-icon-opened\"><svg class=\"elementor-toggle-icon-opened e-font-icon-svg e-fas-caret-up\" viewbox=\"0 0 320 512\" xmlns=\"http:\/\/www.w3.org\/2000\/svg\"><path d=\"M288.662 352H31.338c-17.818 0-26.741-21.543-14.142-34.142l128.662-128.662c7.81-7.81 20.474-7.81 28.284 0l128.662 128.662c12.6 12.599 3.676 34.142-14.142 34.142z\"><\/path><\/svg><\/span>\n\t\t\t\t\t\t\t\t\t\t\t\t\t<\/span>\n\t\t\t\t\t\t\t\t\t\t\t\t<a class=\"elementor-toggle-title\" tabindex=\"0\">Como chegar<\/a>\n\t\t\t\t\t<\/div>\n\n\t\t\t\t\t<div id=\"elementor-tab-content-2144\" class=\"elementor-tab-content elementor-clearfix\" data-tab=\"4\" role=\"region\" aria-labelledby=\"elementor-tab-title-2144\"><p>A Canton Fair acontece no Complexo da Feira de Exporta\u00e7\u00e3o e Importa\u00e7\u00e3o da China (380, Yue Jiang Zhong Lu, bairro de Haizhu).<\/p><p>Voc\u00ea pode ir de t\u00e1xi ou de metr\u00f4. Se for direto do aeroporto, s\u00e3o 45 minutos de viagem. De metr\u00f4 \u00e9 poss\u00edvel ir pelas linhas 1, 2, 3, 4, 5 ou 8. Nas esta\u00e7\u00f5es h\u00e1 mapas dispon\u00edveis para melhor localiza\u00e7\u00e3o.<\/p><\/div>\n\t\t\t\t<\/div>\n\t\t\t\t\t\t\t<div class=\"elementor-toggle-item\">\n\t\t\t\t\t<div id=\"elementor-tab-title-2145\" class=\"elementor-tab-title\" data-tab=\"5\" role=\"button\" aria-controls=\"elementor-tab-content-2145\" aria-expanded=\"false\">\n\t\t\t\t\t\t\t\t\t\t\t\t<span class=\"elementor-toggle-icon elementor-toggle-icon-left\" aria-hidden=\"true\">\n\t\t\t\t\t\t\t\t\t\t\t\t\t\t\t<span class=\"elementor-toggle-icon-closed\"><svg class=\"e-font-icon-svg e-fas-caret-right\" viewbox=\"0 0 192 512\" xmlns=\"http:\/\/www.w3.org\/2000\/svg\"><path d=\"M0 384.662V127.338c0-17.818 21.543-26.741 34.142-14.142l128.662 128.662c7.81 7.81 7.81 20.474 0 28.284L34.142 398.804C21.543 411.404 0 402.48 0 384.662z\"><\/path><\/svg><\/span>\n\t\t\t\t\t\t\t\t<span class=\"elementor-toggle-icon-opened\"><svg class=\"elementor-toggle-icon-opened e-font-icon-svg e-fas-caret-up\" viewbox=\"0 0 320 512\" xmlns=\"http:\/\/www.w3.org\/2000\/svg\"><path d=\"M288.662 352H31.338c-17.818 0-26.741-21.543-14.142-34.142l128.662-128.662c7.81-7.81 20.474-7.81 28.284 0l128.662 128.662c12.6 12.599 3.676 34.142-14.142 34.142z\"><\/path><\/svg><\/span>\n\t\t\t\t\t\t\t\t\t\t\t\t\t<\/span>\n\t\t\t\t\t\t\t\t\t\t\t\t<a class=\"elementor-toggle-title\" tabindex=\"0\">Curiosidades e dicas gerais<\/a>\n\t\t\t\t\t<\/div>\n\n\t\t\t\t\t<div id=\"elementor-tab-content-2145\" class=\"elementor-tab-content elementor-clearfix\" data-tab=\"5\" role=\"region\" aria-labelledby=\"elementor-tab-title-2145\"><p>\u2022 A Canton Tower j\u00e1 foi a mais alta do mundo, mas foi superada pela Tokyo Skytree em 2011, no Jap\u00e3o;<\/p><p>\u2022 N\u00e3o se esque\u00e7a dos cart\u00f5es de visita, pois al\u00e9m de utiliz\u00e1-los nos contatos, voc\u00ea pode trocar na entrada por sacolas para carregar os cat\u00e1logos, blocos de anota\u00e7\u00f5es e canetas;<\/p><p>\u2022 O metr\u00f4 \u00e9 bem organizado, mas pegar um tax\u00ed \u00e9 uma boa op\u00e7\u00e3o pois \u00e9 barato.<\/p><\/div>\n\t\t\t\t<\/div>\n\t\t\t\t\t\t\t\t<\/div>\n\t\t\t\t\t\t<\/div>\n\t\t\t\t<\/div>\n\t\t\t\t<\/div>\n\t\t<div class=\"elementor-element elementor-element-ddceeed e-con-full e-flex e-con e-parent\" data-id=\"ddceeed\" data-element_type=\"container\" data-e-type=\"container\" data-settings=\"{&quot;background_background&quot;:&quot;classic&quot;}\">\n\t\t<div class=\"elementor-element elementor-element-ec6d0a6 e-con-full e-flex e-con e-child\" data-id=\"ec6d0a6\" data-element_type=\"container\" data-e-type=\"container\">\n\t\t\t\t<div class=\"elementor-element elementor-element-6e22d52 premium-header-block premium-lq__none premium-box-lq__none elementor-widget elementor-widget-premium-addon-dual-header\" data-id=\"6e22d52\" data-element_type=\"widget\" data-e-type=\"widget\" data-widget_type=\"premium-addon-dual-header.default\">\n\t\t\t\t\t\n\t\t<div class=\"elementor-widget-container\">\n\t\t\t\t\t<h2 class=\"premium-dual-header-first-header\"><span class=\"premium-dual-header-first-span\">Fair phases <\/span><span class=\"premium-dual-header-second-header\">- e seus setores -<\/span><\/h2> \t\t\t\t<\/div>\n\n\t\t\t\t\t\t<\/div>\n\t\t\t\t<\/div>\n\t\t<div class=\"elementor-element elementor-element-8991186 e-con-full e-flex e-con e-child\" data-id=\"8991186\" data-element_type=\"container\" data-e-type=\"container\" data-settings=\"{&quot;background_background&quot;:&quot;classic&quot;}\">\n\t\t\t\t<div class=\"elementor-element elementor-element-e60e5f9 premium-header-block premium-lq__none premium-box-lq__none elementor-widget elementor-widget-premium-addon-dual-header\" data-id=\"e60e5f9\" data-element_type=\"widget\" data-e-type=\"widget\" data-widget_type=\"premium-addon-dual-header.default\">\n\t\t\t\t\t\n\t\t<div class=\"elementor-widget-container\">\n\t\t\t\t\t<h4 class=\"premium-dual-header-first-header\"><span class=\"premium-dual-header-first-span\">1\u00ba FASE <\/span><span class=\"premium-dual-header-second-header\">15 a 19 de abril - 15 a 19 de outubro<\/span><\/h4> \t\t\t\t<\/div>\n\n\t\t\t\t\t\t<\/div>\n\t\t\t\t<div class=\"elementor-element elementor-element-4d2b09f elementor-widget elementor-widget-text-editor\" data-id=\"4d2b09f\" data-element_type=\"widget\" data-e-type=\"widget\" data-widget_type=\"text-editor.default\">\n\t\t\t\t<div class=\"elementor-widget-container\">\n\t\t\t\t\t\t\t\t\t<p class=\"font_8\"><span class=\"color_36\">\u2022 Eletrodom\u00e9sticos<\/span><\/p><p class=\"font_8\"><span class=\"color_36\">\u2022 Eletr\u00f4nicos e Produtos de TI<\/span><\/p><p class=\"font_8\"><span class=\"color_36\">\u2022 Produtos eletr\u00f4nicos e El\u00e9tricos<\/span><\/p><p class=\"font_8\"><span class=\"color_36\">\u2022 Equipamentos de Ilumina\u00e7\u00e3o<\/span><\/p><p class=\"font_8\"><span class=\"color_36\">\u2022Energia limpa<\/span><\/p><p class=\"font_8\"><span class=\"color_36\">\u2022 Produtos qu\u00edmicos e Novos materiais<\/span><\/p><p class=\"font_8\"><span class=\"color_36\">\u2022 Ferragens (HARDWARE)<\/span><\/p><p class=\"font_8\"><span class=\"color_36\">\u2022 Ferramentas<\/span><\/p><p class=\"font_8\"><span class=\"color_36\">\u2022 Equipamentos para maquin\u00e1rios de processamento<\/span><\/p><p class=\"font_8\"><span class=\"color_36\">\u2022 M\u00e1quinas el\u00e9tricas e Energia el\u00e9trica<\/span><\/p><p class=\"font_8\"><span class=\"color_36\">\u2022 M\u00e1quinas em geral e pe\u00e7as mec\u00e2nicas<\/span><\/p><p class=\"font_8\"><span class=\"color_36\">\u2022 Automa\u00e7\u00e3o industrial e Manufatura inteligente<\/span><\/p><p class=\"font_8\"><span class=\"color_36\">\u2022 M\u00e1quinas de constru\u00e7\u00e3o e agr\u00edcolas<\/span><\/p><p class=\"font_8\"><span class=\"color_36\">\u2022 Ve\u00edculos el\u00e9tricos e Mobilidade inteligente<\/span><\/p><p class=\"font_8\"><span class=\"color_36\">\u2022 Autope\u00e7as<\/span><\/p><p class=\"font_8\"><span class=\"color_36\">\u2022 Motocicletas, bicicletas e ve\u00edculos<\/span><\/p>\t\t\t\t\t\t\t\t<\/div>\n\t\t\t\t<\/div>\n\t\t\t\t<\/div>\n\t\t<div class=\"elementor-element elementor-element-347b9f4 e-con-full e-flex e-con e-child\" data-id=\"347b9f4\" data-element_type=\"container\" data-e-type=\"container\" data-settings=\"{&quot;background_background&quot;:&quot;classic&quot;}\">\n\t\t\t\t<div class=\"elementor-element elementor-element-073af41 premium-header-block premium-lq__none premium-box-lq__none elementor-widget elementor-widget-premium-addon-dual-header\" data-id=\"073af41\" data-element_type=\"widget\" data-e-type=\"widget\" data-widget_type=\"premium-addon-dual-header.default\">\n\t\t\t\t\t\n\t\t<div class=\"elementor-widget-container\">\n\t\t\t\t\t<h4 class=\"premium-dual-header-first-header\"><span class=\"premium-dual-header-first-span\">2\u00ba FASE <\/span><span class=\"premium-dual-header-second-header\">23 a 27 de abril - 23 a 27 de outubro<\/span><\/h4> \t\t\t\t<\/div>\n\n\t\t\t\t\t\t<\/div>\n\t\t\t\t<div class=\"elementor-element elementor-element-31dcca0 elementor-widget elementor-widget-text-editor\" data-id=\"31dcca0\" data-element_type=\"widget\" data-e-type=\"widget\" data-widget_type=\"text-editor.default\">\n\t\t\t\t<div class=\"elementor-widget-container\">\n\t\t\t\t\t\t\t\t\t<p class=\"font_8\"><span class=\"color_36\">\u2022 Materiais de constru\u00e7\u00e3o e Decora\u00e7\u00e3o<\/span><\/p><p class=\"font_8\"><span class=\"color_36\">\u2022 Equipamentos sanit\u00e1rios e de banheiro<\/span><\/p><p class=\"font_8\"><span class=\"color_36\">\u2022 M\u00f3veis<\/span><\/p><p class=\"font_8\"><span class=\"color_36\">\u2022 Utens\u00edlios de cozinha e mesa<\/span><\/p><p class=\"font_8\"><span class=\"color_36\">\u2022 Cer\u00e2micas<\/span><\/p><p class=\"font_8\"><span class=\"color_36\">\u2022 Itens dom\u00e9sticos<\/span><\/p><p class=\"font_8\"><span class=\"color_36\">\u2022 Rel\u00f3gios e Instrumentos \u00f3ticos<\/span><\/p><p class=\"font_8\"><span class=\"color_36\">\u2022 Presentes e Brindes<\/span><\/p><p class=\"font_8\"><span class=\"color_36\">\u2022 Produtos para festas<\/span><\/p><p class=\"font_8\"><span class=\"color_36\">\u2022 Decora\u00e7\u00e3o para casa<\/span><\/p><p class=\"font_8\"><span class=\"color_36\">\u2022 Cer\u00e2mica artesanal<\/span><\/p><p class=\"font_8\"><span class=\"color_36\">\u2022 Artigos de vidro<\/span><\/p><p class=\"font_8\"><span class=\"color_36\">\u2022 Produtos para jardinagem<\/span><\/p><p class=\"font_8\"><span class=\"color_36\">\u2022 Produtos de tecelagem e Ferro<\/span><\/p><p class=\"font_8\"><span class=\"color_36\">\u2022 Equipamentos para SPA<\/span><\/p><p class=\"font_8\"><span class=\"color_36\">\u2022 Decora\u00e7\u00e3o em pedra e Ferro<\/span><\/p>\t\t\t\t\t\t\t\t<\/div>\n\t\t\t\t<\/div>\n\t\t\t\t<\/div>\n\t\t<div class=\"elementor-element elementor-element-3e082d5 e-con-full e-flex e-con e-child\" data-id=\"3e082d5\" data-element_type=\"container\" data-e-type=\"container\" data-settings=\"{&quot;background_background&quot;:&quot;classic&quot;}\">\n\t\t\t\t<div class=\"elementor-element elementor-element-0bfe5fb premium-header-block premium-lq__none premium-box-lq__none elementor-widget elementor-widget-premium-addon-dual-header\" data-id=\"0bfe5fb\" data-element_type=\"widget\" data-e-type=\"widget\" data-widget_type=\"premium-addon-dual-header.default\">\n\t\t\t\t\t\n\t\t<div class=\"elementor-widget-container\">\n\t\t\t\t\t<h4 class=\"premium-dual-header-first-header\"><span class=\"premium-dual-header-first-span\">3\u00ba FASE <\/span><span class=\"premium-dual-header-second-header\">01 a 05 de maio - 31 de outubro a 4 de novembro<\/span><\/h4> \t\t\t\t<\/div>\n\n\t\t\t\t\t\t<\/div>\n\t\t\t\t<div class=\"elementor-element elementor-element-2f24823 elementor-widget elementor-widget-text-editor\" data-id=\"2f24823\" data-element_type=\"widget\" data-e-type=\"widget\" data-widget_type=\"text-editor.default\">\n\t\t\t\t<div class=\"elementor-widget-container\">\n\t\t\t\t\t\t\t\t\t<p class=\"font_8\"><span class=\"color_36\">\u2022 Produtos de cuidados pessoais<\/span><\/p><p class=\"font_8\"><span class=\"color_36\">\u2022 Produtos de higiene pessoal<\/span><\/p><p class=\"font_8\"><span class=\"color_36\">\u2022 Medicamentos<\/span><\/p><p class=\"font_8\"><span class=\"color_36\">\u2022 Produtos de sa\u00fade e Dispositivos m\u00e9dicos<\/span><\/p><p class=\"font_8\"><span class=\"color_36\">\u2022 Produtos e alimenta\u00e7\u00e3o para animais de estima\u00e7\u00e3o<\/span><\/p><p class=\"font_8\"><span class=\"color_36\">\u2022 Produtos para crian\u00e7as, beb\u00eas e maternidade<\/span><\/p><p class=\"font_8\"><span class=\"color_36\">\u2022 Brinquedos<\/span><\/p><p class=\"font_8\"><span class=\"color_36\">\u2022 Roupas infantis, masculinas e femininas<\/span><\/p><p class=\"font_8\"><span class=\"color_36\">\u2022 Roupas esportivas e casuais &amp; Roupa \u00edntima<\/span><\/p><p class=\"font_8\"><span class=\"color_36\">\u2022 Peles, couros e penugens &amp; Acess\u00f3rios de moda<\/span><\/p><p class=\"font_8\"><span class=\"color_36\">\u2022 T\u00eaxteis para o lar<\/span><\/p><p class=\"font_8\"><span class=\"color_36\">\u2022 Mat\u00e9rias primas e tecidos t\u00eaxteis<\/span><\/p><p class=\"font_8\"><span class=\"color_36\">\u2022 Cal\u00e7ados, malas e bolsas<\/span><\/p><p class=\"font_8\"><span class=\"color_36\">\u2022 Material de escrit\u00f3rio<\/span><\/p><p class=\"font_8\"><span class=\"color_36\">\u2022 Alimentos<\/span><\/p><p class=\"font_8\"><span class=\"color_36\">\u2022 Produtos para esportes e Viagens<\/span><\/p>\t\t\t\t\t\t\t\t<\/div>\n\t\t\t\t<\/div>\n\t\t\t\t<\/div>\n\t\t\t\t<\/div>\n\t\t\t\t<\/div>","protected":false},"excerpt":{"rendered":"<p>Sobre a Canton Fair A Canton Fair \u00e9 a maior feira multisetorial de toda a \u00c1sia. Ocorre duas vezes por ano, na primavera e outono como gostam de dizer os chineses (Abril e Outubro). O que muitas pessoas n\u00e3o sabem \u00e9 que a feira \u00e9 dividida em 3 fases e por segmentos. \u00c9 importante saber [&hellip;]<\/p>\n","protected":false},"author":3,"featured_media":281,"parent":36,"menu_order":3,"comment_status":"closed","ping_status":"closed","template":"elementor_header_footer","meta":{"nf_dc_page":"","footnotes":""},"class_list":["post-361","page","type-page","status-publish","has-post-thumbnail","hentry"],"_links":{"self":[{"href":"https:\/\/genco-ie.com\/en\/wp-json\/wp\/v2\/pages\/361","targetHints":{"allow":["GET"]}}],"collection":[{"href":"https:\/\/genco-ie.com\/en\/wp-json\/wp\/v2\/pages"}],"about":[{"href":"https:\/\/genco-ie.com\/en\/wp-json\/wp\/v2\/types\/page"}],"author":[{"embeddable":true,"href":"https:\/\/genco-ie.com\/en\/wp-json\/wp\/v2\/users\/3"}],"replies":[{"embeddable":true,"href":"https:\/\/genco-ie.com\/en\/wp-json\/wp\/v2\/comments?post=361"}],"version-history":[{"count":34,"href":"https:\/\/genco-ie.com\/en\/wp-json\/wp\/v2\/pages\/361\/revisions"}],"predecessor-version":[{"id":2003,"href":"https:\/\/genco-ie.com\/en\/wp-json\/wp\/v2\/pages\/361\/revisions\/2003"}],"up":[{"embeddable":true,"href":"https:\/\/genco-ie.com\/en\/wp-json\/wp\/v2\/pages\/36"}],"wp:featuredmedia":[{"embeddable":true,"href":"https:\/\/genco-ie.com\/en\/wp-json\/wp\/v2\/media\/281"}],"wp:attachment":[{"href":"https:\/\/genco-ie.com\/en\/wp-json\/wp\/v2\/media?parent=361"}],"curies":[{"name":"wp","href":"https:\/\/api.w.org\/{rel}","templated":true}]}}