{"id":343,"date":"2024-04-16T18:04:53","date_gmt":"2024-04-16T21:04:53","guid":{"rendered":"https:\/\/genco-ie.com\/?page_id=343"},"modified":"2024-07-16T16:17:32","modified_gmt":"2024-07-16T19:17:32","slug":"genco-eco","status":"publish","type":"page","link":"https:\/\/genco-ie.com\/en\/projetos\/genco-eco\/","title":{"rendered":"Genco Eco"},"content":{"rendered":"<div data-elementor-type=\"wp-page\" data-elementor-id=\"343\" class=\"elementor elementor-343\" data-elementor-post-type=\"page\">\n\t\t\t\t<div class=\"elementor-element elementor-element-be83006 e-con-full e-flex e-con e-parent\" data-id=\"be83006\" data-element_type=\"container\" data-e-type=\"container\" data-settings=\"{&quot;background_background&quot;:&quot;classic&quot;,&quot;background_motion_fx_motion_fx_mouse&quot;:&quot;yes&quot;,&quot;shape_divider_bottom&quot;:&quot;curve&quot;,&quot;shape_divider_bottom_negative&quot;:&quot;yes&quot;}\">\n\t\t\t\t<div class=\"elementor-shape elementor-shape-bottom\" aria-hidden=\"true\" data-negative=\"true\">\n\t\t\t<svg xmlns=\"http:\/\/www.w3.org\/2000\/svg\" viewbox=\"0 0 1000 100\" preserveaspectratio=\"none\">\n\t<path class=\"elementor-shape-fill\" d=\"M500,97C126.7,96.3,0.8,19.8,0,0v100l1000,0V1C1000,19.4,873.3,97.8,500,97z\"\/>\n<\/svg>\t\t<\/div>\n\t\t\t\t<div class=\"elementor-element elementor-element-4a75ee6 elementor-widget elementor-widget-heading\" data-id=\"4a75ee6\" data-element_type=\"widget\" data-e-type=\"widget\" data-widget_type=\"heading.default\">\n\t\t\t\t<div class=\"elementor-widget-container\">\n\t\t\t\t\t<h2 class=\"elementor-heading-title elementor-size-default\">Genco Eco<\/h2>\t\t\t\t<\/div>\n\t\t\t\t<\/div>\n\t\t\t\t<\/div>\n\t\t<div class=\"elementor-element elementor-element-2924705 e-con-full e-flex e-con e-parent\" data-id=\"2924705\" data-element_type=\"container\" data-e-type=\"container\">\n\t\t\t\t<div class=\"elementor-element elementor-element-23ef10b elementor-widget elementor-widget-heading\" data-id=\"23ef10b\" data-element_type=\"widget\" data-e-type=\"widget\" data-widget_type=\"heading.default\">\n\t\t\t\t<div class=\"elementor-widget-container\">\n\t\t\t\t\t<h2 class=\"elementor-heading-title elementor-size-default\">Our ESG Agenda<\/h2>\t\t\t\t<\/div>\n\t\t\t\t<\/div>\n\t\t\t\t<div class=\"elementor-element elementor-element-61f1913 elementor-widget elementor-widget-text-editor\" data-id=\"61f1913\" data-element_type=\"widget\" data-e-type=\"widget\" data-widget_type=\"text-editor.default\">\n\t\t\t\t<div class=\"elementor-widget-container\">\n\t\t\t\t\t\t\t\t\t<p>At Genco Import &amp; Export, we integrate environmental, social, and governance aspects into our daily operations to create value for society and improve our processes. In 2022, we committed to becoming a reference in our sector for ESG practices.<\/p><p>To achieve this, we started by implementing our emissions calculator, allowing our clients to offset the emissions of polluting gases from the logistics process. On the environmental side, we will also offset the emissions from our offices globally.<\/p>\t\t\t\t\t\t\t\t<\/div>\n\t\t\t\t<\/div>\n\t\t\t\t<div class=\"elementor-element elementor-element-2a62ec2 elementor-widget elementor-widget-toggle\" data-id=\"2a62ec2\" data-element_type=\"widget\" data-e-type=\"widget\" data-widget_type=\"toggle.default\">\n\t\t\t\t<div class=\"elementor-widget-container\">\n\t\t\t\t\t\t\t<div class=\"elementor-toggle\">\n\t\t\t\t\t\t\t<div class=\"elementor-toggle-item\">\n\t\t\t\t\t<div id=\"elementor-tab-title-4441\" class=\"elementor-tab-title\" data-tab=\"1\" role=\"button\" aria-controls=\"elementor-tab-content-4441\" aria-expanded=\"false\">\n\t\t\t\t\t\t\t\t\t\t\t\t<span class=\"elementor-toggle-icon elementor-toggle-icon-left\" aria-hidden=\"true\">\n\t\t\t\t\t\t\t\t\t\t\t\t\t\t\t<span class=\"elementor-toggle-icon-closed\"><svg class=\"e-font-icon-svg e-fas-caret-right\" viewbox=\"0 0 192 512\" xmlns=\"http:\/\/www.w3.org\/2000\/svg\"><path d=\"M0 384.662V127.338c0-17.818 21.543-26.741 34.142-14.142l128.662 128.662c7.81 7.81 7.81 20.474 0 28.284L34.142 398.804C21.543 411.404 0 402.48 0 384.662z\"><\/path><\/svg><\/span>\n\t\t\t\t\t\t\t\t<span class=\"elementor-toggle-icon-opened\"><svg class=\"elementor-toggle-icon-opened e-font-icon-svg e-fas-caret-up\" viewbox=\"0 0 320 512\" xmlns=\"http:\/\/www.w3.org\/2000\/svg\"><path d=\"M288.662 352H31.338c-17.818 0-26.741-21.543-14.142-34.142l128.662-128.662c7.81-7.81 20.474-7.81 28.284 0l128.662 128.662c12.6 12.599 3.676 34.142-14.142 34.142z\"><\/path><\/svg><\/span>\n\t\t\t\t\t\t\t\t\t\t\t\t\t<\/span>\n\t\t\t\t\t\t\t\t\t\t\t\t<a class=\"elementor-toggle-title\" tabindex=\"0\">Why neutralize your import<\/a>\n\t\t\t\t\t<\/div>\n\n\t\t\t\t\t<div id=\"elementor-tab-content-4441\" class=\"elementor-tab-content elementor-clearfix\" data-tab=\"1\" role=\"region\" aria-labelledby=\"elementor-tab-title-4441\"><p>Every human activity is linked to carbon emissions during its production. Given this reality, high concentrations of carbon dioxide in the atmosphere contribute to the increase in global warming, which is the main cause of climate change and ecosystem alterations.<\/p><p>Currently, about 40 billion metric tons of CO2 pollution are added to the atmosphere annually, and maritime transport is the 8th largest source of this gas in the world (2022 data).<\/p><p>In this context, it becomes essential to seek alternatives that reconcile human activity with environmental preservation. Therefore, the Genco team decided to reassess how their services impact the planet, offering an alternative for those who care about this issue.<\/p><\/div>\n\t\t\t\t<\/div>\n\t\t\t\t\t\t\t<div class=\"elementor-toggle-item\">\n\t\t\t\t\t<div id=\"elementor-tab-title-4442\" class=\"elementor-tab-title\" data-tab=\"2\" role=\"button\" aria-controls=\"elementor-tab-content-4442\" aria-expanded=\"false\">\n\t\t\t\t\t\t\t\t\t\t\t\t<span class=\"elementor-toggle-icon elementor-toggle-icon-left\" aria-hidden=\"true\">\n\t\t\t\t\t\t\t\t\t\t\t\t\t\t\t<span class=\"elementor-toggle-icon-closed\"><svg class=\"e-font-icon-svg e-fas-caret-right\" viewbox=\"0 0 192 512\" xmlns=\"http:\/\/www.w3.org\/2000\/svg\"><path d=\"M0 384.662V127.338c0-17.818 21.543-26.741 34.142-14.142l128.662 128.662c7.81 7.81 7.81 20.474 0 28.284L34.142 398.804C21.543 411.404 0 402.48 0 384.662z\"><\/path><\/svg><\/span>\n\t\t\t\t\t\t\t\t<span class=\"elementor-toggle-icon-opened\"><svg class=\"elementor-toggle-icon-opened e-font-icon-svg e-fas-caret-up\" viewbox=\"0 0 320 512\" xmlns=\"http:\/\/www.w3.org\/2000\/svg\"><path d=\"M288.662 352H31.338c-17.818 0-26.741-21.543-14.142-34.142l128.662-128.662c7.81-7.81 20.474-7.81 28.284 0l128.662 128.662c12.6 12.599 3.676 34.142-14.142 34.142z\"><\/path><\/svg><\/span>\n\t\t\t\t\t\t\t\t\t\t\t\t\t<\/span>\n\t\t\t\t\t\t\t\t\t\t\t\t<a class=\"elementor-toggle-title\" tabindex=\"0\">How to neutralize your import<\/a>\n\t\t\t\t\t<\/div>\n\n\t\t\t\t\t<div id=\"elementor-tab-content-4442\" class=\"elementor-tab-content elementor-clearfix\" data-tab=\"2\" role=\"region\" aria-labelledby=\"elementor-tab-title-4442\"><p>De maneira simplificada, agora voc\u00ea pode ver a quantidade de gases poluentes emitidos durante o processo log\u00edstico diretamente no or\u00e7amento final do seu pedido. Isso se tornou poss\u00edvel porque a Genco, em parceria com a ESALQ J\u00fanior Florestal, desenvolveu uma calculadora usando a metodologia do GHG Protocol. Essa calculadora considera as fontes de emiss\u00f5es hidrovi\u00e1rias e terrestres do Escopo 3, ou seja, abrangendo ve\u00edculos que n\u00e3o s\u00e3o de posse da empresa.<\/p><p>Assim, ao simular sua importa\u00e7\u00e3o, voc\u00ea tem a op\u00e7\u00e3o de neutralizar a quantidade de CO\u00b2 emitida durante o processo, e, ao fazer essa escolha, receber\u00e1 o selo Genco Eco.<\/p><\/div>\n\t\t\t\t<\/div>\n\t\t\t\t\t\t\t\t<\/div>\n\t\t\t\t\t\t<\/div>\n\t\t\t\t<\/div>\n\t\t\t\t<\/div>\n\t\t<div class=\"elementor-element elementor-element-048b7be e-con-full e-flex e-con e-parent\" data-id=\"048b7be\" data-element_type=\"container\" data-e-type=\"container\" data-settings=\"{&quot;background_background&quot;:&quot;classic&quot;}\">\n\t\t\t\t<div class=\"elementor-element elementor-element-99dc0f2 elementor-position-left elementor-vertical-align-middle elementor-position-left elementor-position-left elementor-vertical-align-middle elementor-widget elementor-widget-image-box\" data-id=\"99dc0f2\" data-element_type=\"widget\" data-e-type=\"widget\" data-widget_type=\"image-box.default\">\n\t\t\t\t<div class=\"elementor-widget-container\">\n\t\t\t\t\t<div class=\"elementor-image-box-wrapper\"><figure class=\"elementor-image-box-img\"><img loading=\"lazy\" decoding=\"async\" width=\"945\" height=\"945\" src=\"https:\/\/genco-ie.com\/wp-content\/uploads\/2024\/07\/Genco-Eco-Verde.png\" class=\"elementor-animation-grow attachment-full size-full wp-image-1231\" alt=\"\" srcset=\"https:\/\/genco-ie.com\/wp-content\/uploads\/2024\/07\/Genco-Eco-Verde.png 945w, https:\/\/genco-ie.com\/wp-content\/uploads\/2024\/07\/Genco-Eco-Verde-300x300.png 300w, https:\/\/genco-ie.com\/wp-content\/uploads\/2024\/07\/Genco-Eco-Verde-150x150.png 150w, https:\/\/genco-ie.com\/wp-content\/uploads\/2024\/07\/Genco-Eco-Verde-768x768.png 768w\" sizes=\"auto, (max-width: 945px) 100vw, 945px\" \/><\/figure><div class=\"elementor-image-box-content\"><h3 class=\"elementor-image-box-title\">Genco Eco Seal<\/h3><p class=\"elementor-image-box-description\">To expand our compensation program, we are offering our clients the Genco Eco Seal, indicating that the entire logistics project has been offset, from departure to arrival at the destination. Additionally, certificates related to the purchase of carbon credits will be provided at the end of the service.\n<br>\n<br>\nGenco Import &amp; Export is committed to overseeing all processes, ensuring everything is carried out properly and providing clients with effective environmental actions, with direct support from ESALQ J\u00fanior Florestal.\n<br>\n<br>\nBy choosing this option, you will directly contribute to reducing the impacts of climate change, broadening the horizons of your order.<\/p><\/div><\/div>\t\t\t\t<\/div>\n\t\t\t\t<\/div>\n\t\t\t\t<\/div>\n\t\t\t\t<\/div>","protected":false},"excerpt":{"rendered":"<p>Nossa Agenda ESG N\u00f3s da Genco Import &amp; Export integramos os aspectos ambientais, sociais e de governan\u00e7a em nosso dia-dia, com o prop\u00f3sito de gerar valor \u00e0 sociedade e melhorar nossos processos. Desse modo, assumimos em 2022, o compromisso de ser refer\u00eancia dentro do nosso setor em pr\u00e1ticas ESG. Para isso, iniciamos com a implanta\u00e7\u00e3o [&hellip;]<\/p>\n","protected":false},"author":3,"featured_media":1188,"parent":36,"menu_order":2,"comment_status":"closed","ping_status":"closed","template":"elementor_header_footer","meta":{"nf_dc_page":"","footnotes":""},"class_list":["post-343","page","type-page","status-publish","has-post-thumbnail","hentry"],"_links":{"self":[{"href":"https:\/\/genco-ie.com\/en\/wp-json\/wp\/v2\/pages\/343","targetHints":{"allow":["GET"]}}],"collection":[{"href":"https:\/\/genco-ie.com\/en\/wp-json\/wp\/v2\/pages"}],"about":[{"href":"https:\/\/genco-ie.com\/en\/wp-json\/wp\/v2\/types\/page"}],"author":[{"embeddable":true,"href":"https:\/\/genco-ie.com\/en\/wp-json\/wp\/v2\/users\/3"}],"replies":[{"embeddable":true,"href":"https:\/\/genco-ie.com\/en\/wp-json\/wp\/v2\/comments?post=343"}],"version-history":[{"count":62,"href":"https:\/\/genco-ie.com\/en\/wp-json\/wp\/v2\/pages\/343\/revisions"}],"predecessor-version":[{"id":1234,"href":"https:\/\/genco-ie.com\/en\/wp-json\/wp\/v2\/pages\/343\/revisions\/1234"}],"up":[{"embeddable":true,"href":"https:\/\/genco-ie.com\/en\/wp-json\/wp\/v2\/pages\/36"}],"wp:featuredmedia":[{"embeddable":true,"href":"https:\/\/genco-ie.com\/en\/wp-json\/wp\/v2\/media\/1188"}],"wp:attachment":[{"href":"https:\/\/genco-ie.com\/en\/wp-json\/wp\/v2\/media?parent=343"}],"curies":[{"name":"wp","href":"https:\/\/api.w.org\/{rel}","templated":true}]}}